{"id":263,"date":"2016-09-30T17:11:49","date_gmt":"2016-09-30T17:11:49","guid":{"rendered":"http:\/\/hrodna.life\/?page_id=263"},"modified":"2019-03-23T11:13:47","modified_gmt":"2019-03-23T08:13:47","slug":"news","status":"publish","type":"page","link":"https:\/\/hrodna.life\/news\/","title":{"rendered":"\u041d\u0430\u0432\u0456\u043d\u044b"},"content":{"rendered":"<div id=\"hrodn-2909223554\" class=\"hrodn-after-content_2\"><a href=\"https:\/\/hrodna.life\/tax-support\/\" target=\"_blank\" aria-label=\"\u0410\u0445\u0432\u044f\u0440\u0443\u0439 1,5% \u0430\u0434 \u043f\u0430\u0434\u0430\u0442\u043a\u0430\u045e \u0443 \u041f\u043e\u043b\u044c\u0448\u0447\u044b\"><img loading=\"lazy\" decoding=\"async\" src=\"https:\/\/hrodna.life\/wp-content\/uploads\/2026\/02\/banner-tax-15.webp\" alt=\"\u0410\u0445\u0432\u044f\u0440\u0443\u0439 1,5% \u0430\u0434 \u043f\u0430\u0434\u0430\u0442\u043a\u0430\u045e \u0443 \u041f\u043e\u043b\u044c\u0448\u0447\u044b\"  srcset=\"https:\/\/hrodna.life\/wp-content\/uploads\/2026\/02\/banner-tax-15.webp 740w, https:\/\/hrodna.life\/wp-content\/uploads\/2026\/02\/banner-tax-15-300x251.webp 300w\" sizes=\"(max-width: 740px) 100vw, 740px\" class=\"no-lazyload\" width=\"740\" height=\"620\"   \/><\/a><\/div>","protected":false},"excerpt":{"rendered":"","protected":false},"author":1,"featured_media":0,"parent":0,"menu_order":0,"comment_status":"closed","ping_status":"closed","template":"page-news.php","meta":{"_acf_changed":false,"_uag_custom_page_level_css":"","footnotes":""},"metki":[],"class_list":["post-263","page","type-page","status-publish"],"yoast_head":"<!-- This site is optimized with the Yoast SEO Premium plugin v26.6 (Yoast SEO v26.6) - https:\/\/yoast.com\/wordpress\/plugins\/seo\/ -->\n<title>\u041d\u0430\u0432\u0456\u043d\u044b - Hrodna.life - \u043d\u0430\u0432\u0456\u043d\u044b \u0413\u0440\u043e\u0434\u043d\u0430<\/title>\n<meta name=\"robots\" content=\"index, follow, max-snippet:-1, max-image-preview:large, max-video-preview:-1\" \/>\n<meta property=\"og:locale\" content=\"en_US\" \/>\n<meta property=\"og:type\" content=\"article\" \/>\n<meta property=\"og:title\" content=\"\u041d\u0430\u0432\u0456\u043d\u044b - Hrodna.life - \u043d\u0430\u0432\u0456\u043d\u044b \u0413\u0440\u043e\u0434\u043d\u0430\" \/>\n<meta property=\"og:url\" content=\"https:\/\/hrodna.life\/news\/\" \/>\n<meta property=\"og:site_name\" content=\"Hrodna.life - \u043d\u0430\u0432\u0456\u043d\u044b \u0413\u0440\u043e\u0434\u043d\u0430\" \/>\n<meta property=\"article:publisher\" content=\"https:\/\/www.facebook.com\/hrodna.one.love\" \/>\n<meta property=\"article:modified_time\" content=\"2019-03-23T08:13:47+00:00\" \/>\n<meta name=\"twitter:card\" content=\"summary_large_image\" \/>\n<script type=\"application\/ld+json\" class=\"yoast-schema-graph\">{\"@context\":\"https:\/\/schema.org\",\"@graph\":[{\"@type\":\"Article\",\"@id\":\"https:\/\/hrodna.life\/news\/#article\",\"isPartOf\":{\"@id\":\"https:\/\/hrodna.life\/news\/\"},\"author\":{\"name\":\"Danyang\",\"@id\":\"https:\/\/hrodna.life\/#\/schema\/person\/ba181ea0bb67acb9a0ea091c2b64d457\"},\"headline\":\"\u041d\u0430\u0432\u0456\u043d\u044b\",\"datePublished\":\"2016-09-30T17:11:49+00:00\",\"dateModified\":\"2019-03-23T08:13:47+00:00\",\"mainEntityOfPage\":{\"@id\":\"https:\/\/hrodna.life\/news\/\"},\"wordCount\":1,\"publisher\":{\"@id\":\"https:\/\/hrodna.life\/#organization\"},\"inLanguage\":\"be\"},{\"@type\":\"WebPage\",\"@id\":\"https:\/\/hrodna.life\/news\/\",\"url\":\"https:\/\/hrodna.life\/news\/\",\"name\":\"\u041d\u0430\u0432\u0456\u043d\u044b - Hrodna.life - \u043d\u0430\u0432\u0456\u043d\u044b \u0413\u0440\u043e\u0434\u043d\u0430\",\"isPartOf\":{\"@id\":\"https:\/\/hrodna.life\/#website\"},\"datePublished\":\"2016-09-30T17:11:49+00:00\",\"dateModified\":\"2019-03-23T08:13:47+00:00\",\"inLanguage\":\"be\",\"potentialAction\":[{\"@type\":\"ReadAction\",\"target\":[\"https:\/\/hrodna.life\/news\/\"]}]},{\"@type\":\"WebSite\",\"@id\":\"https:\/\/hrodna.life\/#website\",\"url\":\"https:\/\/hrodna.life\/\",\"name\":\"Hrodna.life - \u043d\u0430\u0432\u0456\u043d\u044b \u0413\u0440\u043e\u0434\u043d\u0430\",\"description\":\"Hrodna.life - \u043d\u0430\u0432\u0456\u043d\u044b \u0456 \u0433\u0456\u0441\u0442\u043e\u0440\u044b\u0456 \u0437 \u0413\u0440\u043e\u0434\u043d\u0430\",\"publisher\":{\"@id\":\"https:\/\/hrodna.life\/#organization\"},\"potentialAction\":[{\"@type\":\"SearchAction\",\"target\":{\"@type\":\"EntryPoint\",\"urlTemplate\":\"https:\/\/hrodna.life\/?s={search_term_string}\"},\"query-input\":{\"@type\":\"PropertyValueSpecification\",\"valueRequired\":true,\"valueName\":\"search_term_string\"}}],\"inLanguage\":\"be\"},{\"@type\":\"Organization\",\"@id\":\"https:\/\/hrodna.life\/#organization\",\"name\":\"Hrodna.life\",\"url\":\"https:\/\/hrodna.life\/\",\"logo\":{\"@type\":\"ImageObject\",\"inLanguage\":\"be\",\"@id\":\"https:\/\/hrodna.life\/#\/schema\/logo\/image\/\",\"url\":\"https:\/\/hrodna.life\/wp-content\/uploads\/2017\/10\/320-logos3-01.png\",\"contentUrl\":\"https:\/\/hrodna.life\/wp-content\/uploads\/2017\/10\/320-logos3-01.png\",\"width\":320,\"height\":112,\"caption\":\"Hrodna.life\"},\"image\":{\"@id\":\"https:\/\/hrodna.life\/#\/schema\/logo\/image\/\"},\"sameAs\":[\"https:\/\/www.facebook.com\/hrodna.one.love\",\"https:\/\/www.linkedin.com\/company\/hrodna-life\/\",\"https:\/\/be.wikipedia.org\/wiki\/Hrodna.life\"],\"email\":\"people34letters@gmail.com\",\"legalName\":\"\u017dmon\u0117s ir raid\u0117s, V\u0161\u012e\",\"foundingDate\":\"2016-10-10\",\"ownershipFundingInfo\":\"https:\/\/hrodna.life\/about-us\/\",\"correctionsPolicy\":\"https:\/\/hrodna.life\/about-us\/\",\"ethicsPolicy\":\"https:\/\/hrodna.life\/standarts\/\"},{\"@type\":\"Person\",\"@id\":\"https:\/\/hrodna.life\/#\/schema\/person\/ba181ea0bb67acb9a0ea091c2b64d457\",\"name\":\"Danyang\",\"image\":{\"@type\":\"ImageObject\",\"inLanguage\":\"be\",\"@id\":\"https:\/\/hrodna.life\/#\/schema\/person\/image\/\",\"url\":\"https:\/\/secure.gravatar.com\/avatar\/90db9f72a3cb9feee34381a9cda14c7a?s=96&d=mm&r=g\",\"contentUrl\":\"https:\/\/secure.gravatar.com\/avatar\/90db9f72a3cb9feee34381a9cda14c7a?s=96&d=mm&r=g\",\"caption\":\"Danyang\"},\"url\":\"https:\/\/hrodna.life\/author\/danyang\/\"}]}<\/script>\n<!-- \/ Yoast SEO Premium plugin. -->","yoast_head_json":{"title":"\u041d\u0430\u0432\u0456\u043d\u044b - Hrodna.life - \u043d\u0430\u0432\u0456\u043d\u044b \u0413\u0440\u043e\u0434\u043d\u0430","robots":{"index":"index","follow":"follow","max-snippet":"max-snippet:-1","max-image-preview":"max-image-preview:large","max-video-preview":"max-video-preview:-1"},"og_locale":"en_US","og_type":"article","og_title":"\u041d\u0430\u0432\u0456\u043d\u044b - Hrodna.life - \u043d\u0430\u0432\u0456\u043d\u044b \u0413\u0440\u043e\u0434\u043d\u0430","og_url":"https:\/\/hrodna.life\/news\/","og_site_name":"Hrodna.life - \u043d\u0430\u0432\u0456\u043d\u044b \u0413\u0440\u043e\u0434\u043d\u0430","article_publisher":"https:\/\/www.facebook.com\/hrodna.one.love","article_modified_time":"2019-03-23T08:13:47+00:00","twitter_card":"summary_large_image","schema":{"@context":"https:\/\/schema.org","@graph":[{"@type":"Article","@id":"https:\/\/hrodna.life\/news\/#article","isPartOf":{"@id":"https:\/\/hrodna.life\/news\/"},"author":{"name":"Danyang","@id":"https:\/\/hrodna.life\/#\/schema\/person\/ba181ea0bb67acb9a0ea091c2b64d457"},"headline":"\u041d\u0430\u0432\u0456\u043d\u044b","datePublished":"2016-09-30T17:11:49+00:00","dateModified":"2019-03-23T08:13:47+00:00","mainEntityOfPage":{"@id":"https:\/\/hrodna.life\/news\/"},"wordCount":1,"publisher":{"@id":"https:\/\/hrodna.life\/#organization"},"inLanguage":"be"},{"@type":"WebPage","@id":"https:\/\/hrodna.life\/news\/","url":"https:\/\/hrodna.life\/news\/","name":"\u041d\u0430\u0432\u0456\u043d\u044b - Hrodna.life - \u043d\u0430\u0432\u0456\u043d\u044b \u0413\u0440\u043e\u0434\u043d\u0430","isPartOf":{"@id":"https:\/\/hrodna.life\/#website"},"datePublished":"2016-09-30T17:11:49+00:00","dateModified":"2019-03-23T08:13:47+00:00","inLanguage":"be","potentialAction":[{"@type":"ReadAction","target":["https:\/\/hrodna.life\/news\/"]}]},{"@type":"WebSite","@id":"https:\/\/hrodna.life\/#website","url":"https:\/\/hrodna.life\/","name":"Hrodna.life - \u043d\u0430\u0432\u0456\u043d\u044b \u0413\u0440\u043e\u0434\u043d\u0430","description":"Hrodna.life - \u043d\u0430\u0432\u0456\u043d\u044b \u0456 \u0433\u0456\u0441\u0442\u043e\u0440\u044b\u0456 \u0437 \u0413\u0440\u043e\u0434\u043d\u0430","publisher":{"@id":"https:\/\/hrodna.life\/#organization"},"potentialAction":[{"@type":"SearchAction","target":{"@type":"EntryPoint","urlTemplate":"https:\/\/hrodna.life\/?s={search_term_string}"},"query-input":{"@type":"PropertyValueSpecification","valueRequired":true,"valueName":"search_term_string"}}],"inLanguage":"be"},{"@type":"Organization","@id":"https:\/\/hrodna.life\/#organization","name":"Hrodna.life","url":"https:\/\/hrodna.life\/","logo":{"@type":"ImageObject","inLanguage":"be","@id":"https:\/\/hrodna.life\/#\/schema\/logo\/image\/","url":"https:\/\/hrodna.life\/wp-content\/uploads\/2017\/10\/320-logos3-01.png","contentUrl":"https:\/\/hrodna.life\/wp-content\/uploads\/2017\/10\/320-logos3-01.png","width":320,"height":112,"caption":"Hrodna.life"},"image":{"@id":"https:\/\/hrodna.life\/#\/schema\/logo\/image\/"},"sameAs":["https:\/\/www.facebook.com\/hrodna.one.love","https:\/\/www.linkedin.com\/company\/hrodna-life\/","https:\/\/be.wikipedia.org\/wiki\/Hrodna.life"],"email":"people34letters@gmail.com","legalName":"\u017dmon\u0117s ir raid\u0117s, V\u0161\u012e","foundingDate":"2016-10-10","ownershipFundingInfo":"https:\/\/hrodna.life\/about-us\/","correctionsPolicy":"https:\/\/hrodna.life\/about-us\/","ethicsPolicy":"https:\/\/hrodna.life\/standarts\/"},{"@type":"Person","@id":"https:\/\/hrodna.life\/#\/schema\/person\/ba181ea0bb67acb9a0ea091c2b64d457","name":"Danyang","image":{"@type":"ImageObject","inLanguage":"be","@id":"https:\/\/hrodna.life\/#\/schema\/person\/image\/","url":"https:\/\/secure.gravatar.com\/avatar\/90db9f72a3cb9feee34381a9cda14c7a?s=96&d=mm&r=g","contentUrl":"https:\/\/secure.gravatar.com\/avatar\/90db9f72a3cb9feee34381a9cda14c7a?s=96&d=mm&r=g","caption":"Danyang"},"url":"https:\/\/hrodna.life\/author\/danyang\/"}]}},"acf":[],"uagb_featured_image_src":{"full":false,"thumbnail":false,"medium":false,"medium_large":false,"large":false,"1536x1536":false,"2048x2048":false,"tptn_thumbnail":false},"uagb_author_info":{"display_name":"Danyang","author_link":"https:\/\/hrodna.life\/author\/danyang\/"},"uagb_comment_info":0,"uagb_excerpt":null,"_links":{"self":[{"href":"https:\/\/hrodna.life\/wp-json\/wp\/v2\/pages\/263","targetHints":{"allow":["GET"]}}],"collection":[{"href":"https:\/\/hrodna.life\/wp-json\/wp\/v2\/pages"}],"about":[{"href":"https:\/\/hrodna.life\/wp-json\/wp\/v2\/types\/page"}],"author":[{"embeddable":true,"href":"https:\/\/hrodna.life\/wp-json\/wp\/v2\/users\/1"}],"replies":[{"embeddable":true,"href":"https:\/\/hrodna.life\/wp-json\/wp\/v2\/comments?post=263"}],"version-history":[{"count":0,"href":"https:\/\/hrodna.life\/wp-json\/wp\/v2\/pages\/263\/revisions"}],"wp:attachment":[{"href":"https:\/\/hrodna.life\/wp-json\/wp\/v2\/media?parent=263"}],"wp:term":[{"taxonomy":"metki","embeddable":true,"href":"https:\/\/hrodna.life\/wp-json\/wp\/v2\/metki?post=263"}],"curies":[{"name":"wp","href":"https:\/\/api.w.org\/{rel}","templated":true}]}}