{"id":253372,"date":"2024-01-01T08:00:00","date_gmt":"2024-01-01T05:00:00","guid":{"rendered":"https:\/\/hrodna.life\/?page_id=253372"},"modified":"2024-09-07T20:34:27","modified_gmt":"2024-09-07T17:34:27","slug":"standarts","status":"publish","type":"page","link":"https:\/\/hrodna.life\/standarts\/","title":{"rendered":"Hrodna.life \u043f\u0440\u044b\u0442\u0440\u044b\u043c\u043b\u0456\u0432\u0430\u0435\u0446\u0446\u0430 \u043f\u0440\u0430\u0444\u0435\u0441\u0456\u0439\u043d\u044b\u0445 \u0441\u0442\u0430\u043d\u0434\u0430\u0440\u0442\u0430\u045e \u044f\u043a\u0430\u0441\u043d\u0430\u0439 \u0436\u0443\u0440\u043d\u0430\u043b\u0456\u0441\u0442\u044b\u043a\u0456"},"content":{"rendered":"\n<p>\u0420\u044d\u0434\u0430\u043a\u0446\u044b\u044f <strong>Hrodna.life<\/strong> \u043f\u0435\u0440\u0430\u043a\u0430\u043d\u0430\u043d\u0430 \u045e \u043a\u0430\u0448\u0442\u043e\u045e\u043d\u0430\u0441\u0446\u0456 \u0456 \u0432\u0430\u0436\u043d\u0430\u0441\u0446\u0456 \u0436\u0443\u0440\u043d\u0430\u043b\u0456\u0441\u0446\u043a\u0456\u0445 \u0441\u0442\u0430\u043d\u0434\u0430\u0440\u0442\u0430\u045e \u0434\u043b\u044f \u043f\u0440\u0430\u0446\u044b \u0431\u0435\u043b\u0430\u0440\u0443\u0441\u043a\u0456\u0445 \u043c\u0435\u0434\u044b\u044f\u045e. \u041c\u0435\u043d\u0430\u0432\u0456\u0442\u0430 \u0442\u0430\u043c\u0443 \u043c\u044b \u0434\u0430\u043b\u0443\u0447\u044b\u043b\u0456\u0441\u044f \u0434\u0430 \u0456\u043d\u0456\u0446\u044b\u044f\u0442\u044b\u0432\u044b JTI &#8211; Journalism Trust Initiative. \u0413\u044d\u0442\u044b\u043c \u043c\u044b \u043f\u0430\u0446\u0432\u044f\u0440\u0434\u0436\u0430\u0435\u043c, \u0448\u0442\u043e \u0432\u044b\u0441\u0442\u0443\u043f\u0430\u0435 \u0437\u0430 \u043f\u043e\u045e\u043d\u0430\u0435 \u0432\u044b\u043a\u0430\u043d\u0430\u043d\u043d\u0435 \u0436\u0443\u0440\u043d\u0430\u043b\u0456\u0441\u0446\u043a\u0456\u0445 \u043d\u043e\u0440\u043c \u0456 \u0441\u0442\u0430\u043d\u0434\u0430\u0440\u0442\u0430\u045e.<\/p>\n\n\n\n<p>\u041f\u043e\u045e\u043d\u0430\u044f \u0441\u043f\u0440\u0430\u0432\u0430\u0437\u0434\u0430\u0447\u0430 \u0440\u044d\u0434\u0430\u043a\u0446\u044b\u0456 <strong>Hrodna.life<\/strong> \u0434\u043b\u044f JTI \u0434\u0430\u0441\u0442\u0443\u043f\u043d\u0430\u044f \u043f\u0430 \u0441\u043f\u0430\u0441\u044b\u043b\u0446\u044b \u043d\u0456\u0436\u044d\u0439.<\/p>\n\n\n\n<p><a href=\"https:\/\/www.jti-app.com\/report\/VBNY4eBQGljw1Qax\" target=\"_blank\" rel=\"noreferrer noopener nofollow\">Show Transparency Report<\/a><\/p>\n","protected":false},"excerpt":{"rendered":"<p>\u0420\u044d\u0434\u0430\u043a\u0446\u044b\u044f Hrodna.life \u043f\u0435\u0440\u0430\u043a\u0430\u043d\u0430\u043d\u0430 \u045e \u043a\u0430\u0448\u0442\u043e\u045e\u043d\u0430\u0441\u0446\u0456 \u0456 \u0432\u0430\u0436\u043d\u0430\u0441\u0446\u0456 \u0436\u0443\u0440\u043d\u0430\u043b\u0456\u0441\u0446\u043a\u0456\u0445 \u0441\u0442\u0430\u043d\u0434\u0430\u0440\u0442\u0430\u045e \u0434\u043b\u044f \u043f\u0440\u0430\u0446\u044b \u0431\u0435\u043b\u0430\u0440\u0443\u0441\u043a\u0456\u0445 \u043c\u0435\u0434\u044b\u044f\u045e. \u041c\u0435\u043d\u0430\u0432\u0456\u0442\u0430 \u0442\u0430\u043c\u0443 \u043c\u044b \u0434\u0430\u043b\u0443\u0447\u044b\u043b\u0456\u0441\u044f \u0434\u0430 \u0456\u043d\u0456\u0446\u044b\u044f\u0442\u044b\u0432\u044b JTI &#8211; Journalism Trust Initiative. \u0413\u044d\u0442\u044b\u043c \u043c\u044b \u043f\u0430\u0446\u0432\u044f\u0440\u0434\u0436\u0430\u0435\u043c, \u0448\u0442\u043e \u0432\u044b\u0441\u0442\u0443\u043f\u0430\u0435 \u0437\u0430 \u043f\u043e\u045e\u043d\u0430\u0435 \u0432\u044b\u043a\u0430\u043d\u0430\u043d\u043d\u0435 \u0436\u0443\u0440\u043d\u0430\u043b\u0456\u0441\u0446\u043a\u0456\u0445 \u043d\u043e\u0440\u043c \u0456 \u0441\u0442\u0430\u043d\u0434\u0430\u0440\u0442\u0430\u045e. \u041f\u043e\u045e\u043d\u0430\u044f \u0441\u043f\u0440\u0430\u0432\u0430\u0437\u0434\u0430\u0447\u0430 \u0440\u044d\u0434\u0430\u043a\u0446\u044b\u0456 Hrodna.life \u0434\u043b\u044f JTI \u0434\u0430\u0441\u0442\u0443\u043f\u043d\u0430\u044f \u043f\u0430 \u0441\u043f\u0430\u0441\u044b\u043b\u0446\u044b \u043d\u0456\u0436\u044d\u0439. Show Transparency Report<\/p>\n","protected":false},"author":3,"featured_media":0,"parent":0,"menu_order":0,"comment_status":"closed","ping_status":"closed","template":"","meta":{"_acf_changed":false,"_uag_custom_page_level_css":"","footnotes":""},"metki":[],"class_list":["post-253372","page","type-page","status-publish"],"yoast_head":"<!-- This site is optimized with the Yoast SEO Premium plugin v26.6 (Yoast SEO v26.6) - https:\/\/yoast.com\/wordpress\/plugins\/seo\/ -->\n<title>\u0421\u0442\u0430\u043d\u0434\u0430\u0440\u0442\u044b \u044f\u043a\u0430\u0441\u043d\u0430\u0439 \u0436\u0443\u0440\u043d\u0430\u043b\u0456\u0441\u0442\u044b\u043a\u0456 Hrodna.life - \u0441\u043f\u0440\u0430\u0432\u0430\u0437\u0434\u0430\u0447\u0430 JTI<\/title>\n<meta name=\"robots\" content=\"index, follow, max-snippet:-1, max-image-preview:large, max-video-preview:-1\" \/>\n<meta property=\"og:locale\" content=\"en_US\" \/>\n<meta property=\"og:type\" content=\"article\" \/>\n<meta property=\"og:title\" content=\"\u0421\u0442\u0430\u043d\u0434\u0430\u0440\u0442\u044b \u044f\u043a\u0430\u0441\u043d\u0430\u0439 \u0436\u0443\u0440\u043d\u0430\u043b\u0456\u0441\u0442\u044b\u043a\u0456 Hrodna.life - \u0441\u043f\u0440\u0430\u0432\u0430\u0437\u0434\u0430\u0447\u0430 JTI\" \/>\n<meta property=\"og:description\" content=\"\u0420\u044d\u0434\u0430\u043a\u0446\u044b\u044f Hrodna.life \u043f\u0435\u0440\u0430\u043a\u0430\u043d\u0430\u043d\u0430 \u045e \u043a\u0430\u0448\u0442\u043e\u045e\u043d\u0430\u0441\u0446\u0456 \u0456 \u0432\u0430\u0436\u043d\u0430\u0441\u0446\u0456 \u0436\u0443\u0440\u043d\u0430\u043b\u0456\u0441\u0446\u043a\u0456\u0445 \u0441\u0442\u0430\u043d\u0434\u0430\u0440\u0442\u0430\u045e \u0434\u043b\u044f \u043f\u0440\u0430\u0446\u044b \u0431\u0435\u043b\u0430\u0440\u0443\u0441\u043a\u0456\u0445 \u043c\u0435\u0434\u044b\u044f\u045e. \u041c\u0435\u043d\u0430\u0432\u0456\u0442\u0430 \u0442\u0430\u043c\u0443 \u043c\u044b \u0434\u0430\u043b\u0443\u0447\u044b\u043b\u0456\u0441\u044f \u0434\u0430 \u0456\u043d\u0456\u0446\u044b\u044f\u0442\u044b\u0432\u044b JTI &#8211; Journalism Trust Initiative. \u0413\u044d\u0442\u044b\u043c \u043c\u044b \u043f\u0430\u0446\u0432\u044f\u0440\u0434\u0436\u0430\u0435\u043c, \u0448\u0442\u043e \u0432\u044b\u0441\u0442\u0443\u043f\u0430\u0435 \u0437\u0430 \u043f\u043e\u045e\u043d\u0430\u0435 \u0432\u044b\u043a\u0430\u043d\u0430\u043d\u043d\u0435 \u0436\u0443\u0440\u043d\u0430\u043b\u0456\u0441\u0446\u043a\u0456\u0445 \u043d\u043e\u0440\u043c \u0456 \u0441\u0442\u0430\u043d\u0434\u0430\u0440\u0442\u0430\u045e. \u041f\u043e\u045e\u043d\u0430\u044f \u0441\u043f\u0440\u0430\u0432\u0430\u0437\u0434\u0430\u0447\u0430 \u0440\u044d\u0434\u0430\u043a\u0446\u044b\u0456 Hrodna.life \u0434\u043b\u044f JTI \u0434\u0430\u0441\u0442\u0443\u043f\u043d\u0430\u044f \u043f\u0430 \u0441\u043f\u0430\u0441\u044b\u043b\u0446\u044b \u043d\u0456\u0436\u044d\u0439. Show Transparency Report\" \/>\n<meta property=\"og:url\" content=\"https:\/\/hrodna.life\/standarts\/\" \/>\n<meta property=\"og:site_name\" content=\"Hrodna.life - \u043d\u0430\u0432\u0456\u043d\u044b \u0413\u0440\u043e\u0434\u043d\u0430\" \/>\n<meta property=\"article:publisher\" content=\"https:\/\/www.facebook.com\/hrodna.one.love\" \/>\n<meta property=\"article:modified_time\" content=\"2024-09-07T17:34:27+00:00\" \/>\n<meta name=\"twitter:card\" content=\"summary_large_image\" \/>\n<script type=\"application\/ld+json\" class=\"yoast-schema-graph\">{\"@context\":\"https:\/\/schema.org\",\"@graph\":[{\"@type\":\"Article\",\"@id\":\"https:\/\/hrodna.life\/standarts\/#article\",\"isPartOf\":{\"@id\":\"https:\/\/hrodna.life\/standarts\/\"},\"author\":{\"name\":\"HL\",\"@id\":\"https:\/\/hrodna.life\/#\/schema\/person\/a0a37ad378e520cf788746ec9c82c6f0\"},\"headline\":\"Hrodna.life \u043f\u0440\u044b\u0442\u0440\u044b\u043c\u043b\u0456\u0432\u0430\u0435\u0446\u0446\u0430 \u043f\u0440\u0430\u0444\u0435\u0441\u0456\u0439\u043d\u044b\u0445 \u0441\u0442\u0430\u043d\u0434\u0430\u0440\u0442\u0430\u045e \u044f\u043a\u0430\u0441\u043d\u0430\u0439 \u0436\u0443\u0440\u043d\u0430\u043b\u0456\u0441\u0442\u044b\u043a\u0456\",\"datePublished\":\"2024-01-01T05:00:00+00:00\",\"dateModified\":\"2024-09-07T17:34:27+00:00\",\"mainEntityOfPage\":{\"@id\":\"https:\/\/hrodna.life\/standarts\/\"},\"wordCount\":58,\"publisher\":{\"@id\":\"https:\/\/hrodna.life\/#organization\"},\"inLanguage\":\"be\"},{\"@type\":\"WebPage\",\"@id\":\"https:\/\/hrodna.life\/standarts\/\",\"url\":\"https:\/\/hrodna.life\/standarts\/\",\"name\":\"\u0421\u0442\u0430\u043d\u0434\u0430\u0440\u0442\u044b \u044f\u043a\u0430\u0441\u043d\u0430\u0439 \u0436\u0443\u0440\u043d\u0430\u043b\u0456\u0441\u0442\u044b\u043a\u0456 Hrodna.life - \u0441\u043f\u0440\u0430\u0432\u0430\u0437\u0434\u0430\u0447\u0430 JTI\",\"isPartOf\":{\"@id\":\"https:\/\/hrodna.life\/#website\"},\"datePublished\":\"2024-01-01T05:00:00+00:00\",\"dateModified\":\"2024-09-07T17:34:27+00:00\",\"inLanguage\":\"be\",\"potentialAction\":[{\"@type\":\"ReadAction\",\"target\":[\"https:\/\/hrodna.life\/standarts\/\"]}]},{\"@type\":\"WebSite\",\"@id\":\"https:\/\/hrodna.life\/#website\",\"url\":\"https:\/\/hrodna.life\/\",\"name\":\"Hrodna.life - \u043d\u0430\u0432\u0456\u043d\u044b \u0413\u0440\u043e\u0434\u043d\u0430\",\"description\":\"Hrodna.life - \u043d\u0430\u0432\u0456\u043d\u044b \u0456 \u0433\u0456\u0441\u0442\u043e\u0440\u044b\u0456 \u0437 \u0413\u0440\u043e\u0434\u043d\u0430\",\"publisher\":{\"@id\":\"https:\/\/hrodna.life\/#organization\"},\"potentialAction\":[{\"@type\":\"SearchAction\",\"target\":{\"@type\":\"EntryPoint\",\"urlTemplate\":\"https:\/\/hrodna.life\/?s={search_term_string}\"},\"query-input\":{\"@type\":\"PropertyValueSpecification\",\"valueRequired\":true,\"valueName\":\"search_term_string\"}}],\"inLanguage\":\"be\"},{\"@type\":\"Organization\",\"@id\":\"https:\/\/hrodna.life\/#organization\",\"name\":\"Hrodna.life\",\"url\":\"https:\/\/hrodna.life\/\",\"logo\":{\"@type\":\"ImageObject\",\"inLanguage\":\"be\",\"@id\":\"https:\/\/hrodna.life\/#\/schema\/logo\/image\/\",\"url\":\"https:\/\/hrodna.life\/wp-content\/uploads\/2017\/10\/320-logos3-01.png\",\"contentUrl\":\"https:\/\/hrodna.life\/wp-content\/uploads\/2017\/10\/320-logos3-01.png\",\"width\":320,\"height\":112,\"caption\":\"Hrodna.life\"},\"image\":{\"@id\":\"https:\/\/hrodna.life\/#\/schema\/logo\/image\/\"},\"sameAs\":[\"https:\/\/www.facebook.com\/hrodna.one.love\",\"https:\/\/www.linkedin.com\/company\/hrodna-life\/\",\"https:\/\/be.wikipedia.org\/wiki\/Hrodna.life\"],\"email\":\"people34letters@gmail.com\",\"legalName\":\"\u017dmon\u0117s ir raid\u0117s, V\u0161\u012e\",\"foundingDate\":\"2016-10-10\",\"ownershipFundingInfo\":\"https:\/\/hrodna.life\/about-us\/\",\"correctionsPolicy\":\"https:\/\/hrodna.life\/about-us\/\",\"ethicsPolicy\":\"https:\/\/hrodna.life\/standarts\/\"},{\"@type\":\"Person\",\"@id\":\"https:\/\/hrodna.life\/#\/schema\/person\/a0a37ad378e520cf788746ec9c82c6f0\",\"name\":\"HL\",\"image\":{\"@type\":\"ImageObject\",\"inLanguage\":\"be\",\"@id\":\"https:\/\/hrodna.life\/#\/schema\/person\/image\/\",\"url\":\"https:\/\/secure.gravatar.com\/avatar\/849d5e6598e9aa7d9b85e3ac8f218b48?s=96&d=mm&r=g\",\"contentUrl\":\"https:\/\/secure.gravatar.com\/avatar\/849d5e6598e9aa7d9b85e3ac8f218b48?s=96&d=mm&r=g\",\"caption\":\"HL\"},\"description\":\"\u0420\u044d\u0434\u0430\u043a\u0442\u0430\u0440 Hrodna.life\",\"sameAs\":[\"https:\/\/www.facebook.com\/hrodna.one.love\"],\"url\":\"https:\/\/hrodna.life\/author\/aliaksei\/\"}]}<\/script>\n<!-- \/ Yoast SEO Premium plugin. -->","yoast_head_json":{"title":"\u0421\u0442\u0430\u043d\u0434\u0430\u0440\u0442\u044b \u044f\u043a\u0430\u0441\u043d\u0430\u0439 \u0436\u0443\u0440\u043d\u0430\u043b\u0456\u0441\u0442\u044b\u043a\u0456 Hrodna.life - \u0441\u043f\u0440\u0430\u0432\u0430\u0437\u0434\u0430\u0447\u0430 JTI","robots":{"index":"index","follow":"follow","max-snippet":"max-snippet:-1","max-image-preview":"max-image-preview:large","max-video-preview":"max-video-preview:-1"},"og_locale":"en_US","og_type":"article","og_title":"\u0421\u0442\u0430\u043d\u0434\u0430\u0440\u0442\u044b \u044f\u043a\u0430\u0441\u043d\u0430\u0439 \u0436\u0443\u0440\u043d\u0430\u043b\u0456\u0441\u0442\u044b\u043a\u0456 Hrodna.life - \u0441\u043f\u0440\u0430\u0432\u0430\u0437\u0434\u0430\u0447\u0430 JTI","og_description":"\u0420\u044d\u0434\u0430\u043a\u0446\u044b\u044f Hrodna.life \u043f\u0435\u0440\u0430\u043a\u0430\u043d\u0430\u043d\u0430 \u045e \u043a\u0430\u0448\u0442\u043e\u045e\u043d\u0430\u0441\u0446\u0456 \u0456 \u0432\u0430\u0436\u043d\u0430\u0441\u0446\u0456 \u0436\u0443\u0440\u043d\u0430\u043b\u0456\u0441\u0446\u043a\u0456\u0445 \u0441\u0442\u0430\u043d\u0434\u0430\u0440\u0442\u0430\u045e \u0434\u043b\u044f \u043f\u0440\u0430\u0446\u044b \u0431\u0435\u043b\u0430\u0440\u0443\u0441\u043a\u0456\u0445 \u043c\u0435\u0434\u044b\u044f\u045e. \u041c\u0435\u043d\u0430\u0432\u0456\u0442\u0430 \u0442\u0430\u043c\u0443 \u043c\u044b \u0434\u0430\u043b\u0443\u0447\u044b\u043b\u0456\u0441\u044f \u0434\u0430 \u0456\u043d\u0456\u0446\u044b\u044f\u0442\u044b\u0432\u044b JTI &#8211; Journalism Trust Initiative. \u0413\u044d\u0442\u044b\u043c \u043c\u044b \u043f\u0430\u0446\u0432\u044f\u0440\u0434\u0436\u0430\u0435\u043c, \u0448\u0442\u043e \u0432\u044b\u0441\u0442\u0443\u043f\u0430\u0435 \u0437\u0430 \u043f\u043e\u045e\u043d\u0430\u0435 \u0432\u044b\u043a\u0430\u043d\u0430\u043d\u043d\u0435 \u0436\u0443\u0440\u043d\u0430\u043b\u0456\u0441\u0446\u043a\u0456\u0445 \u043d\u043e\u0440\u043c \u0456 \u0441\u0442\u0430\u043d\u0434\u0430\u0440\u0442\u0430\u045e. \u041f\u043e\u045e\u043d\u0430\u044f \u0441\u043f\u0440\u0430\u0432\u0430\u0437\u0434\u0430\u0447\u0430 \u0440\u044d\u0434\u0430\u043a\u0446\u044b\u0456 Hrodna.life \u0434\u043b\u044f JTI \u0434\u0430\u0441\u0442\u0443\u043f\u043d\u0430\u044f \u043f\u0430 \u0441\u043f\u0430\u0441\u044b\u043b\u0446\u044b \u043d\u0456\u0436\u044d\u0439. Show Transparency Report","og_url":"https:\/\/hrodna.life\/standarts\/","og_site_name":"Hrodna.life - \u043d\u0430\u0432\u0456\u043d\u044b \u0413\u0440\u043e\u0434\u043d\u0430","article_publisher":"https:\/\/www.facebook.com\/hrodna.one.love","article_modified_time":"2024-09-07T17:34:27+00:00","twitter_card":"summary_large_image","schema":{"@context":"https:\/\/schema.org","@graph":[{"@type":"Article","@id":"https:\/\/hrodna.life\/standarts\/#article","isPartOf":{"@id":"https:\/\/hrodna.life\/standarts\/"},"author":{"name":"HL","@id":"https:\/\/hrodna.life\/#\/schema\/person\/a0a37ad378e520cf788746ec9c82c6f0"},"headline":"Hrodna.life \u043f\u0440\u044b\u0442\u0440\u044b\u043c\u043b\u0456\u0432\u0430\u0435\u0446\u0446\u0430 \u043f\u0440\u0430\u0444\u0435\u0441\u0456\u0439\u043d\u044b\u0445 \u0441\u0442\u0430\u043d\u0434\u0430\u0440\u0442\u0430\u045e \u044f\u043a\u0430\u0441\u043d\u0430\u0439 \u0436\u0443\u0440\u043d\u0430\u043b\u0456\u0441\u0442\u044b\u043a\u0456","datePublished":"2024-01-01T05:00:00+00:00","dateModified":"2024-09-07T17:34:27+00:00","mainEntityOfPage":{"@id":"https:\/\/hrodna.life\/standarts\/"},"wordCount":58,"publisher":{"@id":"https:\/\/hrodna.life\/#organization"},"inLanguage":"be"},{"@type":"WebPage","@id":"https:\/\/hrodna.life\/standarts\/","url":"https:\/\/hrodna.life\/standarts\/","name":"\u0421\u0442\u0430\u043d\u0434\u0430\u0440\u0442\u044b \u044f\u043a\u0430\u0441\u043d\u0430\u0439 \u0436\u0443\u0440\u043d\u0430\u043b\u0456\u0441\u0442\u044b\u043a\u0456 Hrodna.life - \u0441\u043f\u0440\u0430\u0432\u0430\u0437\u0434\u0430\u0447\u0430 JTI","isPartOf":{"@id":"https:\/\/hrodna.life\/#website"},"datePublished":"2024-01-01T05:00:00+00:00","dateModified":"2024-09-07T17:34:27+00:00","inLanguage":"be","potentialAction":[{"@type":"ReadAction","target":["https:\/\/hrodna.life\/standarts\/"]}]},{"@type":"WebSite","@id":"https:\/\/hrodna.life\/#website","url":"https:\/\/hrodna.life\/","name":"Hrodna.life - \u043d\u0430\u0432\u0456\u043d\u044b \u0413\u0440\u043e\u0434\u043d\u0430","description":"Hrodna.life - \u043d\u0430\u0432\u0456\u043d\u044b \u0456 \u0433\u0456\u0441\u0442\u043e\u0440\u044b\u0456 \u0437 \u0413\u0440\u043e\u0434\u043d\u0430","publisher":{"@id":"https:\/\/hrodna.life\/#organization"},"potentialAction":[{"@type":"SearchAction","target":{"@type":"EntryPoint","urlTemplate":"https:\/\/hrodna.life\/?s={search_term_string}"},"query-input":{"@type":"PropertyValueSpecification","valueRequired":true,"valueName":"search_term_string"}}],"inLanguage":"be"},{"@type":"Organization","@id":"https:\/\/hrodna.life\/#organization","name":"Hrodna.life","url":"https:\/\/hrodna.life\/","logo":{"@type":"ImageObject","inLanguage":"be","@id":"https:\/\/hrodna.life\/#\/schema\/logo\/image\/","url":"https:\/\/hrodna.life\/wp-content\/uploads\/2017\/10\/320-logos3-01.png","contentUrl":"https:\/\/hrodna.life\/wp-content\/uploads\/2017\/10\/320-logos3-01.png","width":320,"height":112,"caption":"Hrodna.life"},"image":{"@id":"https:\/\/hrodna.life\/#\/schema\/logo\/image\/"},"sameAs":["https:\/\/www.facebook.com\/hrodna.one.love","https:\/\/www.linkedin.com\/company\/hrodna-life\/","https:\/\/be.wikipedia.org\/wiki\/Hrodna.life"],"email":"people34letters@gmail.com","legalName":"\u017dmon\u0117s ir raid\u0117s, V\u0161\u012e","foundingDate":"2016-10-10","ownershipFundingInfo":"https:\/\/hrodna.life\/about-us\/","correctionsPolicy":"https:\/\/hrodna.life\/about-us\/","ethicsPolicy":"https:\/\/hrodna.life\/standarts\/"},{"@type":"Person","@id":"https:\/\/hrodna.life\/#\/schema\/person\/a0a37ad378e520cf788746ec9c82c6f0","name":"HL","image":{"@type":"ImageObject","inLanguage":"be","@id":"https:\/\/hrodna.life\/#\/schema\/person\/image\/","url":"https:\/\/secure.gravatar.com\/avatar\/849d5e6598e9aa7d9b85e3ac8f218b48?s=96&d=mm&r=g","contentUrl":"https:\/\/secure.gravatar.com\/avatar\/849d5e6598e9aa7d9b85e3ac8f218b48?s=96&d=mm&r=g","caption":"HL"},"description":"\u0420\u044d\u0434\u0430\u043a\u0442\u0430\u0440 Hrodna.life","sameAs":["https:\/\/www.facebook.com\/hrodna.one.love"],"url":"https:\/\/hrodna.life\/author\/aliaksei\/"}]}},"acf":[],"uagb_featured_image_src":{"full":false,"thumbnail":false,"medium":false,"medium_large":false,"large":false,"1536x1536":false,"2048x2048":false,"tptn_thumbnail":false},"uagb_author_info":{"display_name":"HL","author_link":"https:\/\/hrodna.life\/author\/aliaksei\/"},"uagb_comment_info":0,"uagb_excerpt":"\u0420\u044d\u0434\u0430\u043a\u0446\u044b\u044f Hrodna.life \u043f\u0435\u0440\u0430\u043a\u0430\u043d\u0430\u043d\u0430 \u045e \u043a\u0430\u0448\u0442\u043e\u045e\u043d\u0430\u0441\u0446\u0456 \u0456 \u0432\u0430\u0436\u043d\u0430\u0441\u0446\u0456 \u0436\u0443\u0440\u043d\u0430\u043b\u0456\u0441\u0446\u043a\u0456\u0445 \u0441\u0442\u0430\u043d\u0434\u0430\u0440\u0442\u0430\u045e \u0434\u043b\u044f \u043f\u0440\u0430\u0446\u044b \u0431\u0435\u043b\u0430\u0440\u0443\u0441\u043a\u0456\u0445 \u043c\u0435\u0434\u044b\u044f\u045e. \u041c\u0435\u043d\u0430\u0432\u0456\u0442\u0430 \u0442\u0430\u043c\u0443 \u043c\u044b \u0434\u0430\u043b\u0443\u0447\u044b\u043b\u0456\u0441\u044f \u0434\u0430 \u0456\u043d\u0456\u0446\u044b\u044f\u0442\u044b\u0432\u044b JTI &#8211; Journalism Trust Initiative. \u0413\u044d\u0442\u044b\u043c \u043c\u044b \u043f\u0430\u0446\u0432\u044f\u0440\u0434\u0436\u0430\u0435\u043c, \u0448\u0442\u043e \u0432\u044b\u0441\u0442\u0443\u043f\u0430\u0435 \u0437\u0430 \u043f\u043e\u045e\u043d\u0430\u0435 \u0432\u044b\u043a\u0430\u043d\u0430\u043d\u043d\u0435 \u0436\u0443\u0440\u043d\u0430\u043b\u0456\u0441\u0446\u043a\u0456\u0445 \u043d\u043e\u0440\u043c \u0456 \u0441\u0442\u0430\u043d\u0434\u0430\u0440\u0442\u0430\u045e. \u041f\u043e\u045e\u043d\u0430\u044f \u0441\u043f\u0440\u0430\u0432\u0430\u0437\u0434\u0430\u0447\u0430 \u0440\u044d\u0434\u0430\u043a\u0446\u044b\u0456 Hrodna.life \u0434\u043b\u044f JTI \u0434\u0430\u0441\u0442\u0443\u043f\u043d\u0430\u044f \u043f\u0430 \u0441\u043f\u0430\u0441\u044b\u043b\u0446\u044b \u043d\u0456\u0436\u044d\u0439. Show Transparency Report","_links":{"self":[{"href":"https:\/\/hrodna.life\/wp-json\/wp\/v2\/pages\/253372","targetHints":{"allow":["GET"]}}],"collection":[{"href":"https:\/\/hrodna.life\/wp-json\/wp\/v2\/pages"}],"about":[{"href":"https:\/\/hrodna.life\/wp-json\/wp\/v2\/types\/page"}],"author":[{"embeddable":true,"href":"https:\/\/hrodna.life\/wp-json\/wp\/v2\/users\/3"}],"replies":[{"embeddable":true,"href":"https:\/\/hrodna.life\/wp-json\/wp\/v2\/comments?post=253372"}],"version-history":[{"count":1,"href":"https:\/\/hrodna.life\/wp-json\/wp\/v2\/pages\/253372\/revisions"}],"predecessor-version":[{"id":253373,"href":"https:\/\/hrodna.life\/wp-json\/wp\/v2\/pages\/253372\/revisions\/253373"}],"wp:attachment":[{"href":"https:\/\/hrodna.life\/wp-json\/wp\/v2\/media?parent=253372"}],"wp:term":[{"taxonomy":"metki","embeddable":true,"href":"https:\/\/hrodna.life\/wp-json\/wp\/v2\/metki?post=253372"}],"curies":[{"name":"wp","href":"https:\/\/api.w.org\/{rel}","templated":true}]}}