{"id":168997,"date":"2020-05-25T10:04:09","date_gmt":"2020-05-25T07:04:09","guid":{"rendered":""},"modified":"2020-05-25T10:04:09","modified_gmt":"2020-05-25T07:04:09","slug":"personal-data-usage-terms","status":"publish","type":"page","link":"https:\/\/hrodna.life\/personal-data-usage-terms\/","title":{"rendered":"Terms of personal data usage"},"content":{"rendered":"<p>Terms of personal data usage full text. Use <br \/> for line-breaks.<\/p>\n","protected":false},"excerpt":{"rendered":"<p>Terms of personal data usage full text. Use for line-breaks.<\/p>\n","protected":false},"author":3,"featured_media":0,"parent":0,"menu_order":0,"comment_status":"open","ping_status":"open","template":"","meta":{"_acf_changed":false,"_uag_custom_page_level_css":"","footnotes":""},"metki":[],"class_list":["post-168997","page","type-page","status-publish"],"yoast_head":"<!-- This site is optimized with the Yoast SEO Premium plugin v26.6 (Yoast SEO v26.6) - https:\/\/yoast.com\/wordpress\/plugins\/seo\/ -->\n<title>Terms of personal data usage - Hrodna.life - \u043d\u0430\u0432\u0456\u043d\u044b \u0413\u0440\u043e\u0434\u043d\u0430<\/title>\n<meta name=\"robots\" content=\"index, follow, max-snippet:-1, max-image-preview:large, max-video-preview:-1\" \/>\n<meta property=\"og:locale\" content=\"en_US\" \/>\n<meta property=\"og:type\" content=\"article\" \/>\n<meta property=\"og:title\" content=\"Terms of personal data usage - Hrodna.life - \u043d\u0430\u0432\u0456\u043d\u044b \u0413\u0440\u043e\u0434\u043d\u0430\" \/>\n<meta property=\"og:description\" content=\"Terms of personal data usage full text. Use for line-breaks.\" \/>\n<meta property=\"og:url\" content=\"https:\/\/hrodna.life\/personal-data-usage-terms\/\" \/>\n<meta property=\"og:site_name\" content=\"Hrodna.life - \u043d\u0430\u0432\u0456\u043d\u044b \u0413\u0440\u043e\u0434\u043d\u0430\" \/>\n<meta property=\"article:publisher\" content=\"https:\/\/www.facebook.com\/hrodna.one.love\" \/>\n<meta name=\"twitter:card\" content=\"summary_large_image\" \/>\n<script type=\"application\/ld+json\" class=\"yoast-schema-graph\">{\"@context\":\"https:\/\/schema.org\",\"@graph\":[{\"@type\":\"Article\",\"@id\":\"https:\/\/hrodna.life\/personal-data-usage-terms\/#article\",\"isPartOf\":{\"@id\":\"https:\/\/hrodna.life\/personal-data-usage-terms\/\"},\"author\":{\"name\":\"HL\",\"@id\":\"https:\/\/hrodna.life\/#\/schema\/person\/a0a37ad378e520cf788746ec9c82c6f0\"},\"headline\":\"Terms of personal data usage\",\"datePublished\":\"2020-05-25T07:04:09+00:00\",\"mainEntityOfPage\":{\"@id\":\"https:\/\/hrodna.life\/personal-data-usage-terms\/\"},\"wordCount\":15,\"commentCount\":0,\"publisher\":{\"@id\":\"https:\/\/hrodna.life\/#organization\"},\"inLanguage\":\"be\",\"potentialAction\":[{\"@type\":\"CommentAction\",\"name\":\"Comment\",\"target\":[\"https:\/\/hrodna.life\/personal-data-usage-terms\/#respond\"]}]},{\"@type\":\"WebPage\",\"@id\":\"https:\/\/hrodna.life\/personal-data-usage-terms\/\",\"url\":\"https:\/\/hrodna.life\/personal-data-usage-terms\/\",\"name\":\"Terms of personal data usage - Hrodna.life - \u043d\u0430\u0432\u0456\u043d\u044b \u0413\u0440\u043e\u0434\u043d\u0430\",\"isPartOf\":{\"@id\":\"https:\/\/hrodna.life\/#website\"},\"datePublished\":\"2020-05-25T07:04:09+00:00\",\"inLanguage\":\"be\",\"potentialAction\":[{\"@type\":\"ReadAction\",\"target\":[\"https:\/\/hrodna.life\/personal-data-usage-terms\/\"]}]},{\"@type\":\"WebSite\",\"@id\":\"https:\/\/hrodna.life\/#website\",\"url\":\"https:\/\/hrodna.life\/\",\"name\":\"Hrodna.life - \u043d\u0430\u0432\u0456\u043d\u044b \u0413\u0440\u043e\u0434\u043d\u0430\",\"description\":\"Hrodna.life - \u043d\u0430\u0432\u0456\u043d\u044b \u0456 \u0433\u0456\u0441\u0442\u043e\u0440\u044b\u0456 \u0437 \u0413\u0440\u043e\u0434\u043d\u0430\",\"publisher\":{\"@id\":\"https:\/\/hrodna.life\/#organization\"},\"potentialAction\":[{\"@type\":\"SearchAction\",\"target\":{\"@type\":\"EntryPoint\",\"urlTemplate\":\"https:\/\/hrodna.life\/?s={search_term_string}\"},\"query-input\":{\"@type\":\"PropertyValueSpecification\",\"valueRequired\":true,\"valueName\":\"search_term_string\"}}],\"inLanguage\":\"be\"},{\"@type\":\"Organization\",\"@id\":\"https:\/\/hrodna.life\/#organization\",\"name\":\"Hrodna.life\",\"url\":\"https:\/\/hrodna.life\/\",\"logo\":{\"@type\":\"ImageObject\",\"inLanguage\":\"be\",\"@id\":\"https:\/\/hrodna.life\/#\/schema\/logo\/image\/\",\"url\":\"https:\/\/hrodna.life\/wp-content\/uploads\/2017\/10\/320-logos3-01.png\",\"contentUrl\":\"https:\/\/hrodna.life\/wp-content\/uploads\/2017\/10\/320-logos3-01.png\",\"width\":320,\"height\":112,\"caption\":\"Hrodna.life\"},\"image\":{\"@id\":\"https:\/\/hrodna.life\/#\/schema\/logo\/image\/\"},\"sameAs\":[\"https:\/\/www.facebook.com\/hrodna.one.love\",\"https:\/\/www.linkedin.com\/company\/hrodna-life\/\",\"https:\/\/be.wikipedia.org\/wiki\/Hrodna.life\"],\"email\":\"people34letters@gmail.com\",\"legalName\":\"\u017dmon\u0117s ir raid\u0117s, V\u0161\u012e\",\"foundingDate\":\"2016-10-10\",\"ownershipFundingInfo\":\"https:\/\/hrodna.life\/about-us\/\",\"correctionsPolicy\":\"https:\/\/hrodna.life\/about-us\/\",\"ethicsPolicy\":\"https:\/\/hrodna.life\/standarts\/\"},{\"@type\":\"Person\",\"@id\":\"https:\/\/hrodna.life\/#\/schema\/person\/a0a37ad378e520cf788746ec9c82c6f0\",\"name\":\"HL\",\"image\":{\"@type\":\"ImageObject\",\"inLanguage\":\"be\",\"@id\":\"https:\/\/hrodna.life\/#\/schema\/person\/image\/\",\"url\":\"https:\/\/secure.gravatar.com\/avatar\/849d5e6598e9aa7d9b85e3ac8f218b48?s=96&d=mm&r=g\",\"contentUrl\":\"https:\/\/secure.gravatar.com\/avatar\/849d5e6598e9aa7d9b85e3ac8f218b48?s=96&d=mm&r=g\",\"caption\":\"HL\"},\"description\":\"\u0420\u044d\u0434\u0430\u043a\u0442\u0430\u0440 Hrodna.life\",\"sameAs\":[\"https:\/\/www.facebook.com\/hrodna.one.love\"],\"url\":\"https:\/\/hrodna.life\/author\/aliaksei\/\"}]}<\/script>\n<!-- \/ Yoast SEO Premium plugin. -->","yoast_head_json":{"title":"Terms of personal data usage - Hrodna.life - \u043d\u0430\u0432\u0456\u043d\u044b \u0413\u0440\u043e\u0434\u043d\u0430","robots":{"index":"index","follow":"follow","max-snippet":"max-snippet:-1","max-image-preview":"max-image-preview:large","max-video-preview":"max-video-preview:-1"},"og_locale":"en_US","og_type":"article","og_title":"Terms of personal data usage - Hrodna.life - \u043d\u0430\u0432\u0456\u043d\u044b \u0413\u0440\u043e\u0434\u043d\u0430","og_description":"Terms of personal data usage full text. Use for line-breaks.","og_url":"https:\/\/hrodna.life\/personal-data-usage-terms\/","og_site_name":"Hrodna.life - \u043d\u0430\u0432\u0456\u043d\u044b \u0413\u0440\u043e\u0434\u043d\u0430","article_publisher":"https:\/\/www.facebook.com\/hrodna.one.love","twitter_card":"summary_large_image","schema":{"@context":"https:\/\/schema.org","@graph":[{"@type":"Article","@id":"https:\/\/hrodna.life\/personal-data-usage-terms\/#article","isPartOf":{"@id":"https:\/\/hrodna.life\/personal-data-usage-terms\/"},"author":{"name":"HL","@id":"https:\/\/hrodna.life\/#\/schema\/person\/a0a37ad378e520cf788746ec9c82c6f0"},"headline":"Terms of personal data usage","datePublished":"2020-05-25T07:04:09+00:00","mainEntityOfPage":{"@id":"https:\/\/hrodna.life\/personal-data-usage-terms\/"},"wordCount":15,"commentCount":0,"publisher":{"@id":"https:\/\/hrodna.life\/#organization"},"inLanguage":"be","potentialAction":[{"@type":"CommentAction","name":"Comment","target":["https:\/\/hrodna.life\/personal-data-usage-terms\/#respond"]}]},{"@type":"WebPage","@id":"https:\/\/hrodna.life\/personal-data-usage-terms\/","url":"https:\/\/hrodna.life\/personal-data-usage-terms\/","name":"Terms of personal data usage - Hrodna.life - \u043d\u0430\u0432\u0456\u043d\u044b \u0413\u0440\u043e\u0434\u043d\u0430","isPartOf":{"@id":"https:\/\/hrodna.life\/#website"},"datePublished":"2020-05-25T07:04:09+00:00","inLanguage":"be","potentialAction":[{"@type":"ReadAction","target":["https:\/\/hrodna.life\/personal-data-usage-terms\/"]}]},{"@type":"WebSite","@id":"https:\/\/hrodna.life\/#website","url":"https:\/\/hrodna.life\/","name":"Hrodna.life - \u043d\u0430\u0432\u0456\u043d\u044b \u0413\u0440\u043e\u0434\u043d\u0430","description":"Hrodna.life - \u043d\u0430\u0432\u0456\u043d\u044b \u0456 \u0433\u0456\u0441\u0442\u043e\u0440\u044b\u0456 \u0437 \u0413\u0440\u043e\u0434\u043d\u0430","publisher":{"@id":"https:\/\/hrodna.life\/#organization"},"potentialAction":[{"@type":"SearchAction","target":{"@type":"EntryPoint","urlTemplate":"https:\/\/hrodna.life\/?s={search_term_string}"},"query-input":{"@type":"PropertyValueSpecification","valueRequired":true,"valueName":"search_term_string"}}],"inLanguage":"be"},{"@type":"Organization","@id":"https:\/\/hrodna.life\/#organization","name":"Hrodna.life","url":"https:\/\/hrodna.life\/","logo":{"@type":"ImageObject","inLanguage":"be","@id":"https:\/\/hrodna.life\/#\/schema\/logo\/image\/","url":"https:\/\/hrodna.life\/wp-content\/uploads\/2017\/10\/320-logos3-01.png","contentUrl":"https:\/\/hrodna.life\/wp-content\/uploads\/2017\/10\/320-logos3-01.png","width":320,"height":112,"caption":"Hrodna.life"},"image":{"@id":"https:\/\/hrodna.life\/#\/schema\/logo\/image\/"},"sameAs":["https:\/\/www.facebook.com\/hrodna.one.love","https:\/\/www.linkedin.com\/company\/hrodna-life\/","https:\/\/be.wikipedia.org\/wiki\/Hrodna.life"],"email":"people34letters@gmail.com","legalName":"\u017dmon\u0117s ir raid\u0117s, V\u0161\u012e","foundingDate":"2016-10-10","ownershipFundingInfo":"https:\/\/hrodna.life\/about-us\/","correctionsPolicy":"https:\/\/hrodna.life\/about-us\/","ethicsPolicy":"https:\/\/hrodna.life\/standarts\/"},{"@type":"Person","@id":"https:\/\/hrodna.life\/#\/schema\/person\/a0a37ad378e520cf788746ec9c82c6f0","name":"HL","image":{"@type":"ImageObject","inLanguage":"be","@id":"https:\/\/hrodna.life\/#\/schema\/person\/image\/","url":"https:\/\/secure.gravatar.com\/avatar\/849d5e6598e9aa7d9b85e3ac8f218b48?s=96&d=mm&r=g","contentUrl":"https:\/\/secure.gravatar.com\/avatar\/849d5e6598e9aa7d9b85e3ac8f218b48?s=96&d=mm&r=g","caption":"HL"},"description":"\u0420\u044d\u0434\u0430\u043a\u0442\u0430\u0440 Hrodna.life","sameAs":["https:\/\/www.facebook.com\/hrodna.one.love"],"url":"https:\/\/hrodna.life\/author\/aliaksei\/"}]}},"acf":[],"uagb_featured_image_src":{"full":false,"thumbnail":false,"medium":false,"medium_large":false,"large":false,"1536x1536":false,"2048x2048":false,"tptn_thumbnail":false},"uagb_author_info":{"display_name":"HL","author_link":"https:\/\/hrodna.life\/author\/aliaksei\/"},"uagb_comment_info":0,"uagb_excerpt":"Terms of personal data usage full text. Use for line-breaks.","_links":{"self":[{"href":"https:\/\/hrodna.life\/wp-json\/wp\/v2\/pages\/168997","targetHints":{"allow":["GET"]}}],"collection":[{"href":"https:\/\/hrodna.life\/wp-json\/wp\/v2\/pages"}],"about":[{"href":"https:\/\/hrodna.life\/wp-json\/wp\/v2\/types\/page"}],"author":[{"embeddable":true,"href":"https:\/\/hrodna.life\/wp-json\/wp\/v2\/users\/3"}],"replies":[{"embeddable":true,"href":"https:\/\/hrodna.life\/wp-json\/wp\/v2\/comments?post=168997"}],"version-history":[{"count":0,"href":"https:\/\/hrodna.life\/wp-json\/wp\/v2\/pages\/168997\/revisions"}],"wp:attachment":[{"href":"https:\/\/hrodna.life\/wp-json\/wp\/v2\/media?parent=168997"}],"wp:term":[{"taxonomy":"metki","embeddable":true,"href":"https:\/\/hrodna.life\/wp-json\/wp\/v2\/metki?post=168997"}],"curies":[{"name":"wp","href":"https:\/\/api.w.org\/{rel}","templated":true}]}}