{"id":191493,"date":"2020-08-05T11:16:51","date_gmt":"2020-08-05T08:16:51","guid":{"rendered":"https:\/\/ru.hrodna.life\/?page_id=191493"},"modified":"2020-08-05T11:16:51","modified_gmt":"2020-08-05T08:16:51","slug":"offline","status":"publish","type":"page","link":"https:\/\/ru.hrodna.life\/offline\/","title":{"rendered":"Offline"},"content":{"rendered":"","protected":false},"excerpt":{"rendered":"","protected":false},"author":23,"featured_media":0,"parent":0,"menu_order":0,"comment_status":"closed","ping_status":"closed","template":"template-offline.php","meta":{"_acf_changed":false,"_uag_custom_page_level_css":"","footnotes":""},"metki":[],"class_list":["post-191493","page","type-page","status-publish"],"yoast_head":"<!-- This site is optimized with the Yoast SEO Premium plugin v26.6 (Yoast SEO v26.6) - https:\/\/yoast.com\/wordpress\/plugins\/seo\/ -->\n<title>Offline - Hrodna.life - \u043d\u043e\u0432\u043e\u0441\u0442\u0438 \u0413\u0440\u043e\u0434\u043d\u043e<\/title>\n<meta name=\"robots\" content=\"index, follow, max-snippet:-1, max-image-preview:large, max-video-preview:-1\" \/>\n<meta property=\"og:locale\" content=\"ru_RU\" \/>\n<meta property=\"og:type\" content=\"article\" \/>\n<meta property=\"og:title\" content=\"Offline\" \/>\n<meta property=\"og:url\" content=\"https:\/\/ru.hrodna.life\/offline\/\" \/>\n<meta property=\"og:site_name\" content=\"Hrodna.life - \u043d\u043e\u0432\u043e\u0441\u0442\u0438 \u0413\u0440\u043e\u0434\u043d\u043e\" \/>\n<meta property=\"article:publisher\" content=\"https:\/\/www.facebook.com\/hrodna.one.love\" \/>\n<meta name=\"twitter:card\" content=\"summary_large_image\" \/>\n<script type=\"application\/ld+json\" class=\"yoast-schema-graph\">{\"@context\":\"https:\/\/schema.org\",\"@graph\":[{\"@type\":\"Article\",\"@id\":\"https:\/\/ru.hrodna.life\/offline\/#article\",\"isPartOf\":{\"@id\":\"https:\/\/ru.hrodna.life\/offline\/\"},\"author\":{\"name\":\"\",\"@id\":\"\"},\"headline\":\"Offline\",\"datePublished\":\"2020-08-05T08:16:51+00:00\",\"mainEntityOfPage\":{\"@id\":\"https:\/\/ru.hrodna.life\/offline\/\"},\"wordCount\":1,\"publisher\":{\"@id\":\"https:\/\/ru.hrodna.life\/#organization\"},\"inLanguage\":\"ru-RU\"},{\"@type\":\"WebPage\",\"@id\":\"https:\/\/ru.hrodna.life\/offline\/\",\"url\":\"https:\/\/ru.hrodna.life\/offline\/\",\"name\":\"Offline - Hrodna.life - \u043d\u043e\u0432\u043e\u0441\u0442\u0438 \u0413\u0440\u043e\u0434\u043d\u043e\",\"isPartOf\":{\"@id\":\"https:\/\/ru.hrodna.life\/#website\"},\"datePublished\":\"2020-08-05T08:16:51+00:00\",\"breadcrumb\":{\"@id\":\"https:\/\/ru.hrodna.life\/offline\/#breadcrumb\"},\"inLanguage\":\"ru-RU\",\"potentialAction\":[{\"@type\":\"ReadAction\",\"target\":[\"https:\/\/ru.hrodna.life\/offline\/\"]}]},{\"@type\":\"BreadcrumbList\",\"@id\":\"https:\/\/ru.hrodna.life\/offline\/#breadcrumb\",\"itemListElement\":[{\"@type\":\"ListItem\",\"position\":1,\"name\":\"\u0413\u043b\u0430\u0432\u043d\u0430\u044f \u0441\u0442\u0440\u0430\u043d\u0438\u0446\u0430\",\"item\":\"https:\/\/ru.hrodna.life\/\"},{\"@type\":\"ListItem\",\"position\":2,\"name\":\"Offline\"}]},{\"@type\":\"WebSite\",\"@id\":\"https:\/\/ru.hrodna.life\/#website\",\"url\":\"https:\/\/ru.hrodna.life\/\",\"name\":\"Hrodna.life - \u043d\u043e\u0432\u043e\u0441\u0442\u0438 \u0413\u0440\u043e\u0434\u043d\u043e\",\"description\":\"Hrodna.life - \u043d\u043e\u0432\u043e\u0441\u0442\u0438 \u0438 \u0438\u0441\u0442\u043e\u0440\u0438\u0438 \u0438\u0437 \u0413\u0440\u043e\u0434\u043d\u043e\",\"publisher\":{\"@id\":\"https:\/\/ru.hrodna.life\/#organization\"},\"potentialAction\":[{\"@type\":\"SearchAction\",\"target\":{\"@type\":\"EntryPoint\",\"urlTemplate\":\"https:\/\/ru.hrodna.life\/?s={search_term_string}\"},\"query-input\":{\"@type\":\"PropertyValueSpecification\",\"valueRequired\":true,\"valueName\":\"search_term_string\"}}],\"inLanguage\":\"ru-RU\"},{\"@type\":\"Organization\",\"@id\":\"https:\/\/ru.hrodna.life\/#organization\",\"name\":\"Hrodna.life\",\"url\":\"https:\/\/ru.hrodna.life\/\",\"logo\":{\"@type\":\"ImageObject\",\"inLanguage\":\"ru-RU\",\"@id\":\"https:\/\/ru.hrodna.life\/#\/schema\/logo\/image\/\",\"url\":\"https:\/\/ru.hrodna.life\/wp-content\/uploads\/2018\/11\/320-logos3-01.png\",\"contentUrl\":\"https:\/\/ru.hrodna.life\/wp-content\/uploads\/2018\/11\/320-logos3-01.png\",\"width\":320,\"height\":112,\"caption\":\"Hrodna.life\"},\"image\":{\"@id\":\"https:\/\/ru.hrodna.life\/#\/schema\/logo\/image\/\"},\"sameAs\":[\"https:\/\/www.facebook.com\/hrodna.one.love\",\"https:\/\/www.linkedin.com\/company\/hrodna-life\/\",\"https:\/\/be.wikipedia.org\/wiki\/Hrodna.life\"],\"email\":\"people34letters@gmail.com\",\"legalName\":\"\u017dmon\u0117s ir raid\u0117s, V\u0161\u012e\",\"foundingDate\":\"2016-10-10\",\"publishingPrinciples\":\"https:\/\/ru.hrodna.life\/about-us\/\",\"ethicsPolicy\":\"https:\/\/ru.hrodna.life\/standarts\/\"},{\"@type\":\"Person\",\"@id\":\"\",\"url\":\"https:\/\/ru.hrodna.life\/author\/\"}]}<\/script>\n<!-- \/ Yoast SEO Premium plugin. -->","yoast_head_json":{"title":"Offline - Hrodna.life - \u043d\u043e\u0432\u043e\u0441\u0442\u0438 \u0413\u0440\u043e\u0434\u043d\u043e","robots":{"index":"index","follow":"follow","max-snippet":"max-snippet:-1","max-image-preview":"max-image-preview:large","max-video-preview":"max-video-preview:-1"},"og_locale":"ru_RU","og_type":"article","og_title":"Offline","og_url":"https:\/\/ru.hrodna.life\/offline\/","og_site_name":"Hrodna.life - \u043d\u043e\u0432\u043e\u0441\u0442\u0438 \u0413\u0440\u043e\u0434\u043d\u043e","article_publisher":"https:\/\/www.facebook.com\/hrodna.one.love","twitter_card":"summary_large_image","schema":{"@context":"https:\/\/schema.org","@graph":[{"@type":"Article","@id":"https:\/\/ru.hrodna.life\/offline\/#article","isPartOf":{"@id":"https:\/\/ru.hrodna.life\/offline\/"},"author":{"name":"","@id":""},"headline":"Offline","datePublished":"2020-08-05T08:16:51+00:00","mainEntityOfPage":{"@id":"https:\/\/ru.hrodna.life\/offline\/"},"wordCount":1,"publisher":{"@id":"https:\/\/ru.hrodna.life\/#organization"},"inLanguage":"ru-RU"},{"@type":"WebPage","@id":"https:\/\/ru.hrodna.life\/offline\/","url":"https:\/\/ru.hrodna.life\/offline\/","name":"Offline - Hrodna.life - \u043d\u043e\u0432\u043e\u0441\u0442\u0438 \u0413\u0440\u043e\u0434\u043d\u043e","isPartOf":{"@id":"https:\/\/ru.hrodna.life\/#website"},"datePublished":"2020-08-05T08:16:51+00:00","breadcrumb":{"@id":"https:\/\/ru.hrodna.life\/offline\/#breadcrumb"},"inLanguage":"ru-RU","potentialAction":[{"@type":"ReadAction","target":["https:\/\/ru.hrodna.life\/offline\/"]}]},{"@type":"BreadcrumbList","@id":"https:\/\/ru.hrodna.life\/offline\/#breadcrumb","itemListElement":[{"@type":"ListItem","position":1,"name":"\u0413\u043b\u0430\u0432\u043d\u0430\u044f \u0441\u0442\u0440\u0430\u043d\u0438\u0446\u0430","item":"https:\/\/ru.hrodna.life\/"},{"@type":"ListItem","position":2,"name":"Offline"}]},{"@type":"WebSite","@id":"https:\/\/ru.hrodna.life\/#website","url":"https:\/\/ru.hrodna.life\/","name":"Hrodna.life - \u043d\u043e\u0432\u043e\u0441\u0442\u0438 \u0413\u0440\u043e\u0434\u043d\u043e","description":"Hrodna.life - \u043d\u043e\u0432\u043e\u0441\u0442\u0438 \u0438 \u0438\u0441\u0442\u043e\u0440\u0438\u0438 \u0438\u0437 \u0413\u0440\u043e\u0434\u043d\u043e","publisher":{"@id":"https:\/\/ru.hrodna.life\/#organization"},"potentialAction":[{"@type":"SearchAction","target":{"@type":"EntryPoint","urlTemplate":"https:\/\/ru.hrodna.life\/?s={search_term_string}"},"query-input":{"@type":"PropertyValueSpecification","valueRequired":true,"valueName":"search_term_string"}}],"inLanguage":"ru-RU"},{"@type":"Organization","@id":"https:\/\/ru.hrodna.life\/#organization","name":"Hrodna.life","url":"https:\/\/ru.hrodna.life\/","logo":{"@type":"ImageObject","inLanguage":"ru-RU","@id":"https:\/\/ru.hrodna.life\/#\/schema\/logo\/image\/","url":"https:\/\/ru.hrodna.life\/wp-content\/uploads\/2018\/11\/320-logos3-01.png","contentUrl":"https:\/\/ru.hrodna.life\/wp-content\/uploads\/2018\/11\/320-logos3-01.png","width":320,"height":112,"caption":"Hrodna.life"},"image":{"@id":"https:\/\/ru.hrodna.life\/#\/schema\/logo\/image\/"},"sameAs":["https:\/\/www.facebook.com\/hrodna.one.love","https:\/\/www.linkedin.com\/company\/hrodna-life\/","https:\/\/be.wikipedia.org\/wiki\/Hrodna.life"],"email":"people34letters@gmail.com","legalName":"\u017dmon\u0117s ir raid\u0117s, V\u0161\u012e","foundingDate":"2016-10-10","publishingPrinciples":"https:\/\/ru.hrodna.life\/about-us\/","ethicsPolicy":"https:\/\/ru.hrodna.life\/standarts\/"},{"@type":"Person","@id":"","url":"https:\/\/ru.hrodna.life\/author\/"}]}},"acf":[],"uagb_featured_image_src":{"full":false,"thumbnail":false,"medium":false,"medium_large":false,"large":false,"1536x1536":false,"2048x2048":false,"tptn_thumbnail":false},"uagb_author_info":{"display_name":"","author_link":"https:\/\/ru.hrodna.life\/author\/"},"uagb_comment_info":0,"uagb_excerpt":null,"_links":{"self":[{"href":"https:\/\/ru.hrodna.life\/wp-json\/wp\/v2\/pages\/191493","targetHints":{"allow":["GET"]}}],"collection":[{"href":"https:\/\/ru.hrodna.life\/wp-json\/wp\/v2\/pages"}],"about":[{"href":"https:\/\/ru.hrodna.life\/wp-json\/wp\/v2\/types\/page"}],"author":[{"embeddable":true,"href":"https:\/\/ru.hrodna.life\/wp-json\/wp\/v2\/users\/23"}],"replies":[{"embeddable":true,"href":"https:\/\/ru.hrodna.life\/wp-json\/wp\/v2\/comments?post=191493"}],"version-history":[{"count":1,"href":"https:\/\/ru.hrodna.life\/wp-json\/wp\/v2\/pages\/191493\/revisions"}],"predecessor-version":[{"id":191496,"href":"https:\/\/ru.hrodna.life\/wp-json\/wp\/v2\/pages\/191493\/revisions\/191496"}],"wp:attachment":[{"href":"https:\/\/ru.hrodna.life\/wp-json\/wp\/v2\/media?parent=191493"}],"wp:term":[{"taxonomy":"metki","embeddable":true,"href":"https:\/\/ru.hrodna.life\/wp-json\/wp\/v2\/metki?post=191493"}],"curies":[{"name":"wp","href":"https:\/\/api.w.org\/{rel}","templated":true}]}}